{"id":6911,"date":"2023-03-27T17:29:20","date_gmt":"2023-03-27T17:29:20","guid":{"rendered":"https:\/\/alestalogistic.com\/?page_id=6911"},"modified":"2023-04-30T13:26:42","modified_gmt":"2023-04-30T13:26:42","slug":"truck-sizes","status":"publish","type":"page","link":"https:\/\/alestalogistic.com\/en\/truck-sizes\/","title":{"rendered":"T\u0131r Boyutlar\u0131"},"content":{"rendered":"\t\t<div data-elementor-type=\"wp-page\" data-elementor-id=\"6911\" class=\"elementor elementor-6911\">\n\t\t\t\t\t\t<section class=\"elementor-section elementor-top-section elementor-element elementor-element-21784e2 elementor-section-boxed elementor-section-height-default elementor-section-height-default\" data-id=\"21784e2\" data-element_type=\"section\" data-e-type=\"section\">\n\t\t\t\t\t\t<div class=\"elementor-container elementor-column-gap-default\">\n\t\t\t\t\t<div class=\"elementor-column elementor-col-100 elementor-top-column elementor-element elementor-element-80ce083\" data-id=\"80ce083\" data-element_type=\"column\" data-e-type=\"column\">\n\t\t\t<div class=\"elementor-widget-wrap elementor-element-populated\">\n\t\t\t\t\t\t<div class=\"elementor-element elementor-element-b48b0e2 elementor-widget elementor-widget-wpzoom-elementor-addons-team-members\" data-id=\"b48b0e2\" data-element_type=\"widget\" data-e-type=\"widget\" data-widget_type=\"wpzoom-elementor-addons-team-members.default\">\n\t\t\t\t<div class=\"elementor-widget-container\">\n\t\t\t\t\t\n\t\t\t\t\t<figure class=\"wpz-member-figure\">\n\t\t\t\t<img decoding=\"async\" width=\"300\" height=\"102\" src=\"https:\/\/alestalogistic.com\/wp-content\/uploads\/2023\/03\/box-trailer-300x102.png\" class=\"elementor-animation-disable-animation attachment-medium size-medium wp-image-6933\" alt=\"\" srcset=\"https:\/\/alestalogistic.com\/wp-content\/uploads\/2023\/03\/box-trailer-300x102.png 300w, https:\/\/alestalogistic.com\/wp-content\/uploads\/2023\/03\/box-trailer-600x204.png 600w, https:\/\/alestalogistic.com\/wp-content\/uploads\/2023\/03\/box-trailer.png 644w\" sizes=\"100vw\" \/>\t\t\t<\/figure>\n\t\t\n\t\t<div class=\"wpz-member-body\">\n\t\t\t<h2 class=\"wpz-member-name\">Kutu R\u00f6mork<\/h2>\n\t\t\t\t\t\t\t<div class=\"wpz-member-position\">En s\u0131k kullan\u0131lan modeldir. Genelde de\u011ferli \u00fcr\u00fcnleri ta\u015f\u0131mak i\u00e7in kullan\u0131l\u0131r.<\/div>\n\t\t\t\n\t\t\t\t\t\t\t<div class=\"wpz-member-bio\">\n\t\t\t\t\t<p>Bo\u015f A\u011f\u0131rl\u0131\u011f\u0131: 8.600 kg\n<br>\nY\u00fckleme Kapasitesi: 31.400 kg\n<br>\nK\u00fcbik Kapasitesi: 90 m\u00b3\n<br>\n\u0130\u00e7 Uzunlu\u011fu: 13.62 m\n<br>\nGeni\u015fli\u011fi: 2.46 m\n<br>\nY\u00fcksekli\u011fi: 2.70 m\n<br>\nKap\u0131 A\u00e7\u0131lma Geni\u015fli\u011fi: 2.46 m\n<br>\nKap\u0131 A\u00e7\u0131lma Y\u00fcksekli\u011fi: 2.70 m<\/p>\n\t\t\t\t<\/div>\n\t\t\t\n\t\t\t\n\t\t\t\n\t\t\t\t\t<\/div>\n\t\t\t\t\t\t<\/div>\n\t\t\t\t<\/div>\n\t\t\t\t\t<\/div>\n\t\t<\/div>\n\t\t\t\t\t<\/div>\n\t\t<\/section>\n\t\t\t\t<section class=\"elementor-section elementor-top-section elementor-element elementor-element-c7dd305 elementor-section-boxed elementor-section-height-default elementor-section-height-default\" data-id=\"c7dd305\" data-element_type=\"section\" data-e-type=\"section\">\n\t\t\t\t\t\t<div class=\"elementor-container elementor-column-gap-default\">\n\t\t\t\t\t<div class=\"elementor-column elementor-col-100 elementor-top-column elementor-element elementor-element-5a9e846\" data-id=\"5a9e846\" data-element_type=\"column\" data-e-type=\"column\">\n\t\t\t<div class=\"elementor-widget-wrap elementor-element-populated\">\n\t\t\t\t\t\t<div class=\"elementor-element elementor-element-5edb4c5 elementor-widget elementor-widget-wpzoom-elementor-addons-team-members\" data-id=\"5edb4c5\" data-element_type=\"widget\" data-e-type=\"widget\" data-widget_type=\"wpzoom-elementor-addons-team-members.default\">\n\t\t\t\t<div class=\"elementor-widget-container\">\n\t\t\t\t\t\n\t\t\t\t\t<figure class=\"wpz-member-figure\">\n\t\t\t\t<img decoding=\"async\" width=\"300\" height=\"86\" src=\"https:\/\/alestalogistic.com\/wp-content\/uploads\/2023\/03\/curtain-trailer-e1679943027777-300x86.png\" class=\"elementor-animation-disable-animation attachment-medium size-medium wp-image-6934\" alt=\"\" srcset=\"https:\/\/alestalogistic.com\/wp-content\/uploads\/2023\/03\/curtain-trailer-e1679943027777-300x86.png 300w, https:\/\/alestalogistic.com\/wp-content\/uploads\/2023\/03\/curtain-trailer-e1679943027777-600x172.png 600w, https:\/\/alestalogistic.com\/wp-content\/uploads\/2023\/03\/curtain-trailer-e1679943027777.png 656w\" sizes=\"100vw\" \/>\t\t\t<\/figure>\n\t\t\n\t\t<div class=\"wpz-member-body\">\n\t\t\t<h2 class=\"wpz-member-name\">Perde R\u00f6mork<\/h2>\n\t\t\t\t\t\t\t<div class=\"wpz-member-position\">\u00c7o\u011fu \u00fcr\u00fcn\u00fc ta\u015f\u0131mak i\u00e7in kullan\u0131l\u0131r. \u00dcr\u00fcnlere kolayca ula\u015fman\u0131z\u0131 sa\u011flar.<\/div>\n\t\t\t\n\t\t\t\t\t\t\t<div class=\"wpz-member-bio\">\n\t\t\t\t\t<p>Bo\u015f A\u011f\u0131rl\u0131\u011f\u0131: 7.200 kg\n<br>\nY\u00fckleme Kapasitesi: 32.800 kg\n<br>\nK\u00fcbik Kapasitesi: 91 m\u00b3\n<br>\n\u0130\u00e7 Uzunlu\u011fu: 13.62 m\n<br>\nGeni\u015fli\u011fi: 2.48 m\n<br>\nY\u00fcksekli\u011fi: 2.70 m\n<br>\nKap\u0131 A\u00e7\u0131lma Geni\u015fli\u011fi: 2.45 m\n<br>\nKap\u0131 A\u00e7\u0131lma Y\u00fcksekli\u011fi: 2.67 m\n<br>\nYan A\u00e7\u0131lma Y\u00fcksekli\u011fi: 2.65 m<\/p>\n\t\t\t\t<\/div>\n\t\t\t\n\t\t\t\n\t\t\t\n\t\t\t\t\t<\/div>\n\t\t\t\t\t\t<\/div>\n\t\t\t\t<\/div>\n\t\t\t\t\t<\/div>\n\t\t<\/div>\n\t\t\t\t\t<\/div>\n\t\t<\/section>\n\t\t\t\t<section class=\"elementor-section elementor-top-section elementor-element elementor-element-1f44217 elementor-section-boxed elementor-section-height-default elementor-section-height-default\" data-id=\"1f44217\" data-element_type=\"section\" data-e-type=\"section\">\n\t\t\t\t\t\t<div class=\"elementor-container elementor-column-gap-default\">\n\t\t\t\t\t<div class=\"elementor-column elementor-col-100 elementor-top-column elementor-element elementor-element-c15fec0\" data-id=\"c15fec0\" data-element_type=\"column\" data-e-type=\"column\">\n\t\t\t<div class=\"elementor-widget-wrap elementor-element-populated\">\n\t\t\t\t\t\t<div class=\"elementor-element elementor-element-54bfe52 elementor-widget elementor-widget-wpzoom-elementor-addons-team-members\" data-id=\"54bfe52\" data-element_type=\"widget\" data-e-type=\"widget\" data-widget_type=\"wpzoom-elementor-addons-team-members.default\">\n\t\t\t\t<div class=\"elementor-widget-container\">\n\t\t\t\t\t\n\t\t\t\t\t<figure class=\"wpz-member-figure\">\n\t\t\t\t<img decoding=\"async\" width=\"300\" height=\"87\" src=\"https:\/\/alestalogistic.com\/wp-content\/uploads\/2023\/03\/mega-trailer-300x87.png\" class=\"elementor-animation-disable-animation attachment-medium size-medium wp-image-6935\" alt=\"\" srcset=\"https:\/\/alestalogistic.com\/wp-content\/uploads\/2023\/03\/mega-trailer-300x87.png 300w, https:\/\/alestalogistic.com\/wp-content\/uploads\/2023\/03\/mega-trailer.png 426w\" sizes=\"100vw\" \/>\t\t\t<\/figure>\n\t\t\n\t\t<div class=\"wpz-member-body\">\n\t\t\t<h2 class=\"wpz-member-name\">Mega R\u00f6mork<\/h2>\n\t\t\t\t\t\t\t<div class=\"wpz-member-position\">Ayn\u0131 zamanda jumbo r\u00f6mork olarak da adland\u0131r\u0131l\u0131r. B\u00fcy\u00fck ve uzun \u00fcr\u00fcnler i\u00e7in kullan\u0131l\u0131r.<\/div>\n\t\t\t\n\t\t\t\t\t\t\t<div class=\"wpz-member-bio\">\n\t\t\t\t\t<p>Bo\u015f A\u011f\u0131rl\u0131\u011f\u0131: 7.200 kg\n<br>\nY\u00fckleme Kapasitesi: 32.800 kg\n<br>\nK\u00fcbik Kapasitesi: 100 m\u00b3\n<br>\n\u0130\u00e7 Uzunlu\u011fu: 13.62 m\n<br>\nGeni\u015fli\u011fi: 2.48 m\n<br>\nY\u00fcksekli\u011fi: 2.94 m\n<br>\nKap\u0131 A\u00e7\u0131lma Geni\u015fli\u011fi: 2.45 m\n<br>\nKap\u0131 A\u00e7\u0131lma Y\u00fcksekli\u011fi: 2.90 m\n<br>\nYan A\u00e7\u0131lma Y\u00fcksekli\u011fi: 2.87 m<\/p>\n\t\t\t\t<\/div>\n\t\t\t\n\t\t\t\n\t\t\t\n\t\t\t\t\t<\/div>\n\t\t\t\t\t\t<\/div>\n\t\t\t\t<\/div>\n\t\t\t\t\t<\/div>\n\t\t<\/div>\n\t\t\t\t\t<\/div>\n\t\t<\/section>\n\t\t\t\t<section class=\"elementor-section elementor-top-section elementor-element elementor-element-5d75958 elementor-section-boxed elementor-section-height-default elementor-section-height-default\" data-id=\"5d75958\" data-element_type=\"section\" data-e-type=\"section\">\n\t\t\t\t\t\t<div class=\"elementor-container elementor-column-gap-default\">\n\t\t\t\t\t<div class=\"elementor-column elementor-col-100 elementor-top-column elementor-element elementor-element-0a5f265\" data-id=\"0a5f265\" data-element_type=\"column\" data-e-type=\"column\">\n\t\t\t<div class=\"elementor-widget-wrap elementor-element-populated\">\n\t\t\t\t\t\t<div class=\"elementor-element elementor-element-8d7c303 elementor-widget elementor-widget-wpzoom-elementor-addons-team-members\" data-id=\"8d7c303\" data-element_type=\"widget\" data-e-type=\"widget\" data-widget_type=\"wpzoom-elementor-addons-team-members.default\">\n\t\t\t\t<div class=\"elementor-widget-container\">\n\t\t\t\t\t\n\t\t\t\t\t<figure class=\"wpz-member-figure\">\n\t\t\t\t<img loading=\"lazy\" decoding=\"async\" width=\"300\" height=\"89\" src=\"https:\/\/alestalogistic.com\/wp-content\/uploads\/2023\/03\/open-trailer-e1679943381139-300x89.png\" class=\"elementor-animation-disable-animation attachment-medium size-medium wp-image-6936\" alt=\"\" srcset=\"https:\/\/alestalogistic.com\/wp-content\/uploads\/2023\/03\/open-trailer-e1679943381139-300x89.png 300w, https:\/\/alestalogistic.com\/wp-content\/uploads\/2023\/03\/open-trailer-e1679943381139.png 533w\" sizes=\"100vw\" \/>\t\t\t<\/figure>\n\t\t\n\t\t<div class=\"wpz-member-body\">\n\t\t\t<h2 class=\"wpz-member-name\">A\u00e7\u0131k R\u00f6mork<\/h2>\n\t\t\t\t\t\t\t<div class=\"wpz-member-position\">OOG (Out of Gauge) yani standart konteyner tiplerine s\u0131\u011fmayan \u00fcr\u00fcnler i\u00e7in kullan\u0131l\u0131r.<\/div>\n\t\t\t\n\t\t\t\t\t\t\t<div class=\"wpz-member-bio\">\n\t\t\t\t\t<p>Bo\u015f A\u011f\u0131rl\u0131\u011f\u0131: 6.500 kg\n<br>\nY\u00fckleme Kapasitesi: 31.900 kg\n<br>\n\u0130\u00e7 Uzunlu\u011fu: 13.62 m\n<br>\nGeni\u015fli\u011fi: 2.48 m<\/p>\n\t\t\t\t<\/div>\n\t\t\t\n\t\t\t\n\t\t\t\n\t\t\t\t\t<\/div>\n\t\t\t\t\t\t<\/div>\n\t\t\t\t<\/div>\n\t\t\t\t\t<\/div>\n\t\t<\/div>\n\t\t\t\t\t<\/div>\n\t\t<\/section>\n\t\t\t\t<section class=\"elementor-section elementor-top-section elementor-element elementor-element-e08ca57 elementor-section-boxed elementor-section-height-default elementor-section-height-default\" data-id=\"e08ca57\" data-element_type=\"section\" data-e-type=\"section\">\n\t\t\t\t\t\t<div class=\"elementor-container elementor-column-gap-default\">\n\t\t\t\t\t<div class=\"elementor-column elementor-col-100 elementor-top-column elementor-element elementor-element-933c778\" data-id=\"933c778\" data-element_type=\"column\" data-e-type=\"column\">\n\t\t\t<div class=\"elementor-widget-wrap elementor-element-populated\">\n\t\t\t\t\t\t<div class=\"elementor-element elementor-element-833833c elementor-widget elementor-widget-wpzoom-elementor-addons-team-members\" data-id=\"833833c\" data-element_type=\"widget\" data-e-type=\"widget\" data-widget_type=\"wpzoom-elementor-addons-team-members.default\">\n\t\t\t\t<div class=\"elementor-widget-container\">\n\t\t\t\t\t\n\t\t\t\t\t<figure class=\"wpz-member-figure\">\n\t\t\t\t<img loading=\"lazy\" decoding=\"async\" width=\"300\" height=\"79\" src=\"https:\/\/alestalogistic.com\/wp-content\/uploads\/2023\/03\/reefer-trailer-e1679943932394-300x79.png\" class=\"elementor-animation-disable-animation attachment-medium size-medium wp-image-6940\" alt=\"\" srcset=\"https:\/\/alestalogistic.com\/wp-content\/uploads\/2023\/03\/reefer-trailer-e1679943932394-300x79.png 300w, https:\/\/alestalogistic.com\/wp-content\/uploads\/2023\/03\/reefer-trailer-e1679943932394.png 459w\" sizes=\"100vw\" \/>\t\t\t<\/figure>\n\t\t\n\t\t<div class=\"wpz-member-body\">\n\t\t\t<h2 class=\"wpz-member-name\">So\u011futuculu R\u00f6mork<\/h2>\n\t\t\t\t\t\t\t<div class=\"wpz-member-position\">\u00dcr\u00fcnlerinizin tazeli\u011fini bozmadan ta\u015f\u0131mak i\u00e7in kullan\u0131l\u0131r.<\/div>\n\t\t\t\n\t\t\t\t\t\t\t<div class=\"wpz-member-bio\">\n\t\t\t\t\t<p>Bo\u015f A\u011f\u0131rl\u0131\u011f\u0131: 9.000 kg\n<br>\nY\u00fckleme Kapasitesi: 31.000 kg\n<br>\nK\u00fcbik Kapasitesi: 85 m\u00b3\n<br>\n\u0130\u00e7 Uzunlu\u011fu: 13.31 m\n<br>\nGeni\u015fli\u011fi: 2.48 m\n<br>\nY\u00fcksekli\u011fi: 2.60 m\n<br>\nKap\u0131 A\u00e7\u0131lma Geni\u015fli\u011fi: 2.46 m\n<br>\nKap\u0131 A\u00e7\u0131lma Y\u00fcksekli\u011fi: 2.60 m\n<\/p>\n\t\t\t\t<\/div>\n\t\t\t\n\t\t\t\n\t\t\t\n\t\t\t\t\t<\/div>\n\t\t\t\t\t\t<\/div>\n\t\t\t\t<\/div>\n\t\t\t\t\t<\/div>\n\t\t<\/div>\n\t\t\t\t\t<\/div>\n\t\t<\/section>\n\t\t\t\t<section class=\"elementor-section elementor-top-section elementor-element elementor-element-32975ae elementor-section-boxed elementor-section-height-default elementor-section-height-default\" data-id=\"32975ae\" data-element_type=\"section\" data-e-type=\"section\">\n\t\t\t\t\t\t<div class=\"elementor-container elementor-column-gap-default\">\n\t\t\t\t\t<div class=\"elementor-column elementor-col-100 elementor-top-column elementor-element elementor-element-6df266a\" data-id=\"6df266a\" data-element_type=\"column\" data-e-type=\"column\">\n\t\t\t<div class=\"elementor-widget-wrap elementor-element-populated\">\n\t\t\t\t\t\t<div class=\"elementor-element elementor-element-85a4cac elementor-widget elementor-widget-wpzoom-elementor-addons-team-members\" data-id=\"85a4cac\" data-element_type=\"widget\" data-e-type=\"widget\" data-widget_type=\"wpzoom-elementor-addons-team-members.default\">\n\t\t\t\t<div class=\"elementor-widget-container\">\n\t\t\t\t\t\n\t\t\t\t\t<figure class=\"wpz-member-figure\">\n\t\t\t\t<img loading=\"lazy\" decoding=\"async\" width=\"300\" height=\"103\" src=\"https:\/\/alestalogistic.com\/wp-content\/uploads\/2023\/03\/tarpaulin-trailer-2-300x103.png\" class=\"elementor-animation-disable-animation attachment-medium size-medium wp-image-6943\" alt=\"\" srcset=\"https:\/\/alestalogistic.com\/wp-content\/uploads\/2023\/03\/tarpaulin-trailer-2-300x103.png 300w, https:\/\/alestalogistic.com\/wp-content\/uploads\/2023\/03\/tarpaulin-trailer-2-600x206.png 600w, https:\/\/alestalogistic.com\/wp-content\/uploads\/2023\/03\/tarpaulin-trailer-2.png 640w\" sizes=\"100vw\" \/>\t\t\t<\/figure>\n\t\t\n\t\t<div class=\"wpz-member-body\">\n\t\t\t<h2 class=\"wpz-member-name\">Tente R\u00f6mork<\/h2>\n\t\t\t\t\t\t\t<div class=\"wpz-member-position\">Tehlikeli \u00fcr\u00fcnleri ta\u015f\u0131rken d\u00fczg\u00fcnce korunabilmeleri i\u00e7in yan k\u0131s\u0131mlar\u0131 al\u00fcminyumdan yap\u0131lm\u0131\u015ft\u0131r.<\/div>\n\t\t\t\n\t\t\t\t\t\t\t<div class=\"wpz-member-bio\">\n\t\t\t\t\t<p>Bo\u015f A\u011f\u0131rl\u0131\u011f\u0131: 7.200 kg\n<br>\nY\u00fckleme Kapasitesi: 32.300 kg\n<br>\nK\u00fcbik Kapasitesi: 90 m\u00b3\n<br>\n\u0130\u00e7 Uzunlu\u011fu: 13.62 m\n<br>\nGeni\u015fli\u011fi: 2.48 m\n<br>\nY\u00fcksekli\u011fi: 2.67 m\n<br>\nKap\u0131 A\u00e7\u0131lma Geni\u015fli\u011fi: 2.46 m\n<br>\nKap\u0131 A\u00e7\u0131lma Y\u00fcksekli\u011fi: 2.65 m\n<br>\nYan A\u00e7\u0131lma Y\u00fcksekli\u011fi: 2.65 m<\/p>\n\t\t\t\t<\/div>\n\t\t\t\n\t\t\t\n\t\t\t\n\t\t\t\t\t<\/div>\n\t\t\t\t\t\t<\/div>\n\t\t\t\t<\/div>\n\t\t\t\t\t<\/div>\n\t\t<\/div>\n\t\t\t\t\t<\/div>\n\t\t<\/section>\n\t\t\t\t<\/div>\n\t\t","protected":false},"excerpt":{"rendered":"<p>Kutu R\u00f6mork En s\u0131k kullan\u0131lan modeldir. Genelde de\u011ferli \u00fcr\u00fcnleri ta\u015f\u0131mak i\u00e7in kullan\u0131l\u0131r. Bo\u015f A\u011f\u0131rl\u0131\u011f\u0131: 8.600 kg Y\u00fckleme Kapasitesi: 31.400 kg K\u00fcbik Kapasitesi: 90 m\u00b3 \u0130\u00e7 Uzunlu\u011fu: 13.62 m Geni\u015fli\u011fi: 2.46 m Y\u00fcksekli\u011fi: 2.70 m Kap\u0131 A\u00e7\u0131lma Geni\u015fli\u011fi: 2.46 m Kap\u0131 A\u00e7\u0131lma Y\u00fcksekli\u011fi: 2.70 m Perde R\u00f6mork \u00c7o\u011fu \u00fcr\u00fcn\u00fc ta\u015f\u0131mak i\u00e7in kullan\u0131l\u0131r. \u00dcr\u00fcnlere kolayca ula\u015fman\u0131z\u0131 sa\u011flar. &hellip; <\/p>\n<p class=\"link-more\"><a href=\"https:\/\/alestalogistic.com\/en\/truck-sizes\/\" class=\"more-link\">Read more<span class=\"screen-reader-text\"> &#8220;T\u0131r Boyutlar\u0131&#8221;<\/span><\/a><\/p>\n","protected":false},"author":1,"featured_media":6950,"parent":0,"menu_order":0,"comment_status":"closed","ping_status":"closed","template":"","meta":{"_coblocks_attr":"","_coblocks_dimensions":"","_coblocks_responsive_height":"","_coblocks_accordion_ie_support":"","inspiro_hide_title":false,"footnotes":""},"class_list":["post-6911","page","type-page","status-publish","has-post-thumbnail","hentry"],"featured_media_urls":{"thumbnail":["https:\/\/alestalogistic.com\/wp-content\/uploads\/2023\/03\/pexels-quintin-gellar-2199293-150x150.jpg",150,150,true],"medium":["https:\/\/alestalogistic.com\/wp-content\/uploads\/2023\/03\/pexels-quintin-gellar-2199293-300x200.jpg",300,200,true],"medium_large":["https:\/\/alestalogistic.com\/wp-content\/uploads\/2023\/03\/pexels-quintin-gellar-2199293-768x513.jpg",768,513,true],"large":["https:\/\/alestalogistic.com\/wp-content\/uploads\/2023\/03\/pexels-quintin-gellar-2199293-1024x684.jpg",950,635,true],"1536x1536":["https:\/\/alestalogistic.com\/wp-content\/uploads\/2023\/03\/pexels-quintin-gellar-2199293-1536x1025.jpg",1536,1025,true],"2048x2048":["https:\/\/alestalogistic.com\/wp-content\/uploads\/2023\/03\/pexels-quintin-gellar-2199293-2048x1367.jpg",2048,1367,true],"inspiro-featured-image":["https:\/\/alestalogistic.com\/wp-content\/uploads\/2023\/03\/pexels-quintin-gellar-2199293-scaled-2000x1335.jpg",2000,1335,true],"inspiro-loop":["https:\/\/alestalogistic.com\/wp-content\/uploads\/2023\/03\/pexels-quintin-gellar-2199293-scaled-950x320.jpg",950,320,true],"inspiro-loop@2x":["https:\/\/alestalogistic.com\/wp-content\/uploads\/2023\/03\/pexels-quintin-gellar-2199293-scaled-1900x640.jpg",1900,640,true],"portfolio_item-thumbnail":["https:\/\/alestalogistic.com\/wp-content\/uploads\/2023\/03\/pexels-quintin-gellar-2199293-scaled-600x400.jpg",600,400,true],"portfolio_item-thumbnail@2x":["https:\/\/alestalogistic.com\/wp-content\/uploads\/2023\/03\/pexels-quintin-gellar-2199293-scaled-1200x800.jpg",1200,800,true],"portfolio_item-masonry":["https:\/\/alestalogistic.com\/wp-content\/uploads\/2023\/03\/pexels-quintin-gellar-2199293-scaled-600x401.jpg",600,401,true],"portfolio_item-masonry@2x":["https:\/\/alestalogistic.com\/wp-content\/uploads\/2023\/03\/pexels-quintin-gellar-2199293-scaled-1200x801.jpg",1200,801,true],"portfolio_item-thumbnail_cinema":["https:\/\/alestalogistic.com\/wp-content\/uploads\/2023\/03\/pexels-quintin-gellar-2199293-scaled-800x335.jpg",800,335,true],"portfolio_item-thumbnail_portrait":["https:\/\/alestalogistic.com\/wp-content\/uploads\/2023\/03\/pexels-quintin-gellar-2199293-scaled-600x900.jpg",600,900,true],"portfolio_item-thumbnail_portrait@2x":["https:\/\/alestalogistic.com\/wp-content\/uploads\/2023\/03\/pexels-quintin-gellar-2199293-scaled-1200x1709.jpg",1200,1709,true],"portfolio_item-thumbnail_square":["https:\/\/alestalogistic.com\/wp-content\/uploads\/2023\/03\/pexels-quintin-gellar-2199293-scaled-800x800.jpg",800,800,true]},"_links":{"self":[{"href":"https:\/\/alestalogistic.com\/en\/wp-json\/wp\/v2\/pages\/6911","targetHints":{"allow":["GET"]}}],"collection":[{"href":"https:\/\/alestalogistic.com\/en\/wp-json\/wp\/v2\/pages"}],"about":[{"href":"https:\/\/alestalogistic.com\/en\/wp-json\/wp\/v2\/types\/page"}],"author":[{"embeddable":true,"href":"https:\/\/alestalogistic.com\/en\/wp-json\/wp\/v2\/users\/1"}],"replies":[{"embeddable":true,"href":"https:\/\/alestalogistic.com\/en\/wp-json\/wp\/v2\/comments?post=6911"}],"version-history":[{"count":8,"href":"https:\/\/alestalogistic.com\/en\/wp-json\/wp\/v2\/pages\/6911\/revisions"}],"predecessor-version":[{"id":6952,"href":"https:\/\/alestalogistic.com\/en\/wp-json\/wp\/v2\/pages\/6911\/revisions\/6952"}],"wp:featuredmedia":[{"embeddable":true,"href":"https:\/\/alestalogistic.com\/en\/wp-json\/wp\/v2\/media\/6950"}],"wp:attachment":[{"href":"https:\/\/alestalogistic.com\/en\/wp-json\/wp\/v2\/media?parent=6911"}],"curies":[{"name":"wp","href":"https:\/\/api.w.org\/{rel}","templated":true}]}}